{"id":4051,"date":"2020-07-17T15:49:45","date_gmt":"2020-07-17T15:49:45","guid":{"rendered":"https:\/\/lacasitanatur.com\/condiciones-generales-de-venta\/"},"modified":"2022-06-23T13:32:31","modified_gmt":"2022-06-23T13:32:31","slug":"condiciones-generales-de-venta","status":"publish","type":"page","link":"https:\/\/lacasitanatur.com\/es\/condiciones-generales-de-venta\/","title":{"rendered":"Condiciones generales de venta"},"content":{"rendered":"\n<p><\/p>\n\n<h2 class=\"wp-block-heading\">Pago<\/h2>\n\n<p>El importe de la estancia se cargar\u00e1 en su tarjeta de cr\u00e9dito en su totalidad en el momento de la reserva.<\/p>\n\n<p>SWIKLY le pedir\u00e1 un dep\u00f3sito de 300\u20ac por estancia, sus datos bancarios deben ser enviados 3 d\u00edas laborables antes de su estancia. No se cobrar\u00e1, salvo al final de la estancia si hay da\u00f1os y\/o deterioros.<\/p>\n\n<p>Debe enviar por correo, un certificado de seguro de responsabilidad civil de vacaciones que debe obtener de la aseguradora de su residencia principal,<\/p>\n\n<p>Antes de su estancia, deber\u00e1 enviar al propietario, por correo electr\u00f3nico, una copia de su documento de identidad que presentar\u00e1 el d\u00eda de su llegada.<\/p>\n\n<h2 class=\"wp-block-heading\">Condiciones contractuales, cancelaci\u00f3n y uso de los locales<\/h2>\n\n<h3 class=\"wp-block-heading\">Anulaci\u00f3n por parte del cliente<\/h3>\n\n<ul class=\"wp-block-list\"><li>La cancelaci\u00f3n es gratuita durante las 48 horas posteriores a la fecha de reserva, siempre que el viajero cancele al menos 14 d\u00edas antes de la llegada (tiempo indicado en el correo electr\u00f3nico de confirmaci\u00f3n).<\/li><li>La cancelaci\u00f3n hasta 14 d\u00edas antes de la llegada prevista, cuando la reserva se haya realizado despu\u00e9s de las 48 horas, permite un reembolso del 50% del precio de la estancia.<\/li><li>La cancelaci\u00f3n entre el d\u00eda 14 y el 8, ambos inclusive, antes de la llegada prevista, dar\u00e1 lugar a un reembolso del 20% del precio de la estancia.<\/li><li>La cancelaci\u00f3n entre el 7\u00ba d\u00eda y la llegada prevista o si el viajero decide acortar su estancia, no se realizar\u00e1 ning\u00fan reembolso. El viajero debe abonar el 100 % de la tarifa prevista.<\/li><\/ul>\n\n<h3 class=\"wp-block-heading\">Cancelaci\u00f3n por parte del arrendador<\/h3>\n\n<ul class=\"wp-block-list\"><li>El arrendador tiene la posibilidad de cancelar la estancia 7 d\u00edas antes de la fecha de llegada del cliente. En este caso, se reembolsar\u00e1 al viajero la totalidad del importe pagado. Despu\u00e9s de este periodo, si el propietario tiene que cancelar la estancia, le reembolsar\u00e1 la totalidad de la misma y podr\u00e1 proponerle fechas alternativas con una reducci\u00f3n del 20% sobre la tarifa (excluyendo las promociones).<\/li><li>Modificaci\u00f3n o cancelaci\u00f3n de la estancia por parte del establecimiento ANTES de su llegada o en el momento:<br\/>En caso de alerta meteorol\u00f3gica importante, con anuncio de acontecimientos externos, ajenos a nuestra voluntad, como mal tiempo, tormentas o trombas, el establecimiento se reserva el derecho de cancelar su estancia por razones de seguridad. En este caso, se le propondr\u00e1\u0301 un aplazamiento de su estancia a una fecha posterior<\/li><li>El arrendador puede negarse a aceptar clientes que no respeten las siguientes normas:<ul><li>Los clientes no pueden alojarse en La Casita con una mascota.<\/li><li>La reserva se hace para un m\u00e1ximo de 2 personas, si el n\u00famero de viajeros supera este n\u00famero, el propietario puede rechazar hu\u00e9spedes adicionales. Este rechazo no puede considerarse en ning\u00fan caso como una modificaci\u00f3n o incumplimiento del contrato por parte del propietario, por lo que en caso de que se produzca la salida de m\u00e1s hu\u00e9spedes de los rechazados, no podr\u00e1 considerarse ning\u00fan reembolso.<\/li><\/ul><\/li><\/ul>\n\n<h3 class=\"wp-block-heading\">CASO DE FUERZA MAYOR<\/h3>\n\n<p>En caso de enfermedad grave, accidente grave o fallecimiento de un ocupante inscrito, la estancia se reembolsar\u00e1 \u00edntegramente sobre la base de un informe de hospitalizaci\u00f3n o un certificado de defunci\u00f3n.<\/p>\n\n<p>En caso de (Covid-19 y otra pandemia declarada) :<\/p>\n\n<p>Salvo que un decreto u orden prevalezca sobre las condiciones indicadas, toda suspensi\u00f3n que no pueda cumplirse en el plazo de 14 d\u00edas a partir de la fecha prevista de inicio de la suspensi\u00f3n estar\u00e1 sujeta a las siguientes disposiciones:<\/p>\n\n<ul class=\"wp-block-list\"><li>En caso de nuevas medidas gubernamentales (restricciones kilom\u00e9tricas, confinamiento nacional o local, toque de queda, cierre de establecimientos o fronteras, etc.) que impidan su llegada, se ofrecer\u00e1 un aplazamiento de su estancia por un periodo de 18 meses<\/li><li>Si uno de los ocupantes da positivo en las pruebas de Covid-19 (u otro virus declarado como pandemia), previa presentaci\u00f3n de la prueba, se propondr\u00e1 un aplazamiento de la estancia por un periodo de 12 meses a partir de la fecha inicial de la estancia, sin que se considere el reembolso de la misma.<\/li><li>Si uno de los ocupantes es un caso de contacto con el Covid-19 (u otro virus declarado como pandemia) al presentar la prueba del seguro m\u00e9dico, se ofrecer\u00e1 un aplazamiento de la estancia por un per\u00edodo de 6 meses a partir de la fecha de la estancia inicial<\/li><\/ul>\n\n<p>Para cualquier solicitud de aplazamiento de su estancia por motivos de fuerza mayor, env\u00ede su solicitud por correo electr\u00f3nico. Los aplazamientos se har\u00e1n seg\u00fan la disponibilidad, s\u00f3lo para el a\u00f1o en curso a partir de la fecha de la reserva.<\/p>\n\n<p>No se puede reclamar ninguna otra indemnizaci\u00f3n. Si su reserva es resultado de un cheque regalo, se aplican las condiciones generales de los cheques regalo. Los cheques regalo no son reembolsables.<\/p>\n\n<p>Modificaci\u00f3n o anulaci\u00f3n de la estancia por su parte EN EL LUGAR<\/p>\n\n<p>En caso de que se le deniegue el acceso a su alojamiento, no podr\u00e1 reclamar ninguna indemnizaci\u00f3n.<\/p>\n\n<h3 class=\"wp-block-heading\">Otras condiciones<\/h3>\n\n<ul class=\"wp-block-list\"><li>Llegada: El cliente debe llegar el d\u00eda y a la hora especificada en la reserva. En caso de llegar tarde o con retraso, el cliente debe informar al propietario.<\/li><li>Uso de los locales: El cliente debe respetar el car\u00e1cter pac\u00edfico de los locales y utilizarlos de acuerdo con su finalidad, en particular el uso de la cocina y de las dependencias reservadas para la comida vegana y\/o vegetariana. El cliente se compromete a devolver la casa en el estado en que la encontr\u00f3 a su llegada. El hu\u00e9sped es responsable de los da\u00f1os causados por \u00e9l mismo.<\/li><li>Acceso al ba\u00f1o n\u00f3rdico: No est\u00e1 incluido en el servicio, sin embargo Cilica y Christophe le invitan a utilizarlo, si lo desea y previa solicitud. Ser\u00e1 para su uso exclusivo durante su estancia, en este sentido, tendr\u00e1 las instrucciones necesarias para que se encarguen de mantenerlo caliente durante su estancia, si as\u00ed lo desea.<\/li><li>Tasa tur\u00edstica: La tasa tur\u00edstica es un impuesto local que el cliente debe pagar al propietario, quien lo transfiere a Hacienda. Asciende a 2,75 euros por noche y por persona. Lo pagar\u00e1 cuando haga su reserva. Lo pagar\u00e1 cuando haga su reserva.<\/li><\/ul>\n\n<h2 class=\"wp-block-heading\">Compra y reserva con un cheque regalo<\/h2>\n\n<p>Es posible comprar vales de regalo solicit\u00e1ndolos por correo electr\u00f3nico a los propietarios<\/p>\n\n<h3 class=\"wp-block-heading\">Validez de los cheques regalo<\/h3>\n\n<p>Los cheques regalo son v\u00e1lidos durante 365 d\u00edas a partir de la fecha de compra. Pueden utilizarse todos los d\u00edas que el establecimiento est\u00e9 abierto, excepto :<\/p>\n\n<p>Durante las vacaciones escolares y los d\u00edas festivos se debe hacer una reserva previa.<\/p>\n\n<h3 class=\"wp-block-heading\">Anulaci\u00f3n antes de la estancia<\/h3>\n\n<p>No se puede solicitar ning\u00fan reembolso.<\/p>\n\n<h3 class=\"wp-block-heading\">Modificaci\u00f3n antes de su estancia<\/h3>\n\n<p>Se aplican las mismas condiciones que para una reserva cl\u00e1sica, respetando la fecha de validez de su bono regalo<\/p>\n\n<h3 class=\"wp-block-heading\">Modificaci\u00f3n o anulaci\u00f3n de la estancia por parte del establecimiento ANTES de su llegada y en el lugar<\/h3>\n\n<p>Se aplican las mismas condiciones que para una reserva cl\u00e1sica, respetando la fecha de validez de su bono regalo<\/p>\n\n<h3 class=\"wp-block-heading\">Modificaci\u00f3n o anulaci\u00f3n de su estancia por usted mismo EN EL SITIO<\/h3>\n\n<p>Se aplican las mismas condiciones que para una reserva cl\u00e1sica, respetando la fecha de validez de su bono regalo<\/p>\n\n<h2 class=\"wp-block-heading\">Capacidad<\/h2>\n\n<p>El n\u00famero de personas mencionado en la lista de precios de cada alojamiento corresponde a la ocupaci\u00f3n m\u00e1xima permitida, teniendo en cuenta el equipamiento disponible. No se puede sobrepasar por razones de seguridad y de seguro.<\/p>\n\n<h2 class=\"wp-block-heading\">Tarifas<\/h2>\n\n<p>A menos que se seleccionen opciones, el precio b\u00e1sico incluye :<\/p>\n\n<p>Alquiler, suministro de almohadas, edredones, s\u00e1banas, toallas, albornoces, pa\u00f1os de cocina, jabones \u2013 champ\u00fa, productos de limpieza, papel higi\u00e9nico, papel de cocina, detergente y suavizante, bolsas de basura, le\u00f1a y madera para calentar el ba\u00f1o n\u00f3rdico, gas, electricidad. WI FI. Utensilios para cocinar. Platos, T\u00e9, caf\u00e9, infusiones, sal marina, aceite de oliva, az\u00facar morena, org\u00e1nica, una bandeja de bienvenida.<\/p>\n\n<p>Acceso exclusivo e ilimitado al ba\u00f1o n\u00f3rdico, (a petici\u00f3n de los hu\u00e9spedes) uso de la lavadora y secadora, plancha\u2026 muebles de jard\u00edn, acceso al jard\u00edn y aparcamiento alrededor de La Casita.<\/p>\n\n<p>El precio b\u00e1sico no incluye* :<\/p>\n\n<ul class=\"wp-block-list\"><li>Desayuno<\/li><li>Limpieza al final de la estancia (opci\u00f3n obligatoria: 40\u20ac por estancia)<\/li><li>Tasa tur\u00edstica de 2 .75 euros por noche y por persona<\/li><\/ul>\n\n<h3 class=\"wp-block-heading\">Las opcionas<\/h3>\n\n<p>Para dos personas :<\/p>\n\n<ul class=\"wp-block-list\"><li>asesoramiento en cocina vegana: 1 hora 55 euros<\/li><li>iniciaci\u00f3n o a profundizaci\u00f3n de las pr\u00e1cticas: Qi Gong, Tai- ji -Quan 1 hora: 55 \u20ac.<\/li><li>meditaci\u00f3n ofrecida con una o m\u00e1s opciones.<\/li><\/ul>\n\n<p>Por persona :<\/p>\n\n<ul class=\"wp-block-list\"><li>Masaje Shiatsu 65 \u20ac (1h 30)<\/li><\/ul>\n\n<h2 class=\"wp-block-heading\">Dep\u00f3sito de seguridad<\/h2>\n\n<p>Se solicitar\u00e1 un dep\u00f3sito de 300\u20ac despu\u00e9s de la reserva a trav\u00e9s de SWIKLY y se mantendr\u00e1 en su tarjeta de cr\u00e9dito sin cobrar. Al final de la estancia, se anular\u00e1, salvo por da\u00f1os o p\u00e9rdida de objetos. La informaci\u00f3n debe proporcionarse a SWIKLY al menos 3 d\u00edas laborables antes del comienzo de la estancia.<\/p>\n\n<p>Antes del inicio de la estancia, deber\u00e1 facilitar, por correo electr\u00f3nico, un certificado de seguro de responsabilidad civil para sus vacaciones, que deber\u00e1 obtener de la aseguradora de su residencia principal.<\/p>\n\n<h2 class=\"wp-block-heading\">Limpieza<\/h2>\n\n<p>El propietario pone a su disposici\u00f3n una casa perfectamente limpia de acuerdo con las normas de higiene recomendadas por las autoridades competentes tras la pandemia debida al COVID-19. Por lo tanto, hay que dejar la casa limpia y ordenada: el suelo debe estar limpio, los aseos limpios, la vajilla lavada y guardada, la ropa de cama y las toallas depositadas en los contenedores previstos.<\/p>\n\n<p>Hay un dispositivo para la clasificaci\u00f3n selectiva de los contenedores. Deben vaciarse y sacarse: los residuos dom\u00e9sticos, excepto el material de compostaje, deben llevarse, y los dem\u00e1s residuos que se vayan a reciclar pueden llevarse o dejarse en los compartimentos designados. El inquilino dispone de todo el material de limpieza necesario.<\/p>\n\n<p>El propietario realiza entonces una operaci\u00f3n de limpieza completa para el siguiente inquilino.<\/p>\n\n<h2 class=\"wp-block-heading\">Alimentos<\/h2>\n\n<p>La Casita ha sido creada para proporcionar una experiencia curativa y DETOX, por lo que los propietarios le piden que cocine y\/o almacene en La Casita s\u00f3lo productos alimenticios veganos y\/o vegetarianos. Le dar\u00e1n los consejos necesarios para que pueda cumplir con esta petici\u00f3n y se reservan el derecho de interrumpir la estancia, sin derecho a ning\u00fan reembolso, en caso de incumplimiento de esta petici\u00f3n.<\/p>\n\n<h2 class=\"wp-block-heading\">Suministro de Internet, ley Hadopi<\/h2>\n\n<p>El arrendatario se compromete a respetar los t\u00e9rminos de la ley de Hadopi, tal y como se estipula en los textos presentados en la p\u00e1gina web: https:\/\/www.hadopi.fr\/organisation\/presentation<\/p>\n\n<p>El uso de la red puesta a disposici\u00f3n del arrendatario es responsabilidad exclusiva de \u00e9ste.<\/p>\n\n<h2 class=\"wp-block-heading\">Animales<\/h2>\n\n<p>No se admiten animales, el propietario se reserva el derecho de negar la entrada al recinto, en caso de no respetar esta petici\u00f3\u0144e. Las condiciones de pago se aplican de la misma manera que en el caso de no presentarse el d\u00eda de la llegada<\/p>\n\n<h2 class=\"wp-block-heading\">Objetos de valor<\/h2>\n\n<p>Se recomienda no dejar ning\u00fan objeto de valor en el alojamiento. El propietario no se hace responsable de los robos o p\u00e9rdidas en el alojamiento.<\/p>\n\n<h2 class=\"wp-block-heading\">Reclamaciones<\/h2>\n\n<p>Toda reclamaci\u00f3n relativa a una estancia debe enviarse por carta certificada con acuse de recibo en el plazo de un d\u00eda a partir de la salida a La Casita \u2013 Sagesses, Hameau de Nestri 09200 Alos Francia<\/p>\n\n<h2 class=\"wp-block-heading\">Consumo de alcohol y cigarrillos<\/h2>\n\n<p>Est\u00e1 estrictamente prohibido estar en estado de embriaguez en el alojamiento o en el acceso. Est\u00e1 prohibido fumar en los alojamientos y en los alrededores del ba\u00f1o n\u00f3rdico.<\/p>\n\n<h2 class=\"wp-block-heading\">Disputa<\/h2>\n\n<p>En caso de litigio, es competente el Tribunal de Foix (09- Francia).<\/p>\n\n<p><em>Actualizado el 13\/06\/2022<\/em><\/p>\n","protected":false},"excerpt":{"rendered":"<p>Pago El importe de la estancia se cargar\u00e1 en su tarjeta de cr\u00e9dito en su totalidad en el momento de la reserva. SWIKLY le pedir\u00e1 un dep\u00f3sito de 300\u20ac por estancia, sus datos bancarios deben ser enviados 3 d\u00edas laborables &hellip; <a href=\"https:\/\/lacasitanatur.com\/es\/condiciones-generales-de-venta\/\">Read More<\/a><\/p>\n","protected":false},"author":1,"featured_media":0,"parent":0,"menu_order":0,"comment_status":"closed","ping_status":"closed","template":"","meta":{"footnotes":""},"class_list":["post-4051","page","type-page","status-publish","hentry"],"_links":{"self":[{"href":"https:\/\/lacasitanatur.com\/es\/wp-json\/wp\/v2\/pages\/4051","targetHints":{"allow":["GET"]}}],"collection":[{"href":"https:\/\/lacasitanatur.com\/es\/wp-json\/wp\/v2\/pages"}],"about":[{"href":"https:\/\/lacasitanatur.com\/es\/wp-json\/wp\/v2\/types\/page"}],"author":[{"embeddable":true,"href":"https:\/\/lacasitanatur.com\/es\/wp-json\/wp\/v2\/users\/1"}],"replies":[{"embeddable":true,"href":"https:\/\/lacasitanatur.com\/es\/wp-json\/wp\/v2\/comments?post=4051"}],"version-history":[{"count":3,"href":"https:\/\/lacasitanatur.com\/es\/wp-json\/wp\/v2\/pages\/4051\/revisions"}],"predecessor-version":[{"id":4055,"href":"https:\/\/lacasitanatur.com\/es\/wp-json\/wp\/v2\/pages\/4051\/revisions\/4055"}],"wp:attachment":[{"href":"https:\/\/lacasitanatur.com\/es\/wp-json\/wp\/v2\/media?parent=4051"}],"curies":[{"name":"wp","href":"https:\/\/api.w.org\/{rel}","templated":true}]}}